{"id":722,"date":"2025-04-28T16:06:03","date_gmt":"2025-04-28T14:06:03","guid":{"rendered":"https:\/\/firma.nuclear.pl\/?page_id=722"},"modified":"2025-04-28T16:06:04","modified_gmt":"2025-04-28T14:06:04","slug":"polityka-rodo","status":"publish","type":"page","link":"https:\/\/firma.nuclear.pl\/index.php\/polityka-rodo\/","title":{"rendered":"Polityka RODO"},"content":{"rendered":"\n<div style=\"height:100px\" aria-hidden=\"true\" class=\"wp-block-spacer\"><\/div>\n\n\n\n<h4 class=\"wp-block-heading\">Obowi\u0105zek informacyjny dotycz\u0105cy przetwarzanie danych osobowych<\/h4>\n\n\n\n<hr class=\"wp-block-separator has-alpha-channel-opacity\"\/>\n\n\n\n<p>Wype\u0142niaj\u0105c wymogi Rozporz\u0105dzenia Parlamentu Europejskiego i Rady (UE) 2016\/679 z dnia 27 kwietnia 2016 r. w sprawie ochrony os\u00f3b fizycznych w zwi\u0105zku z przetwarzaniem danych osobowych i w sprawie swobodnego przep\u0142ywu takich danych oraz uchylenia dyrektywy 95\/46\/WE (og\u00f3lne rozporz\u0105dzenie o ochronie danych, dalej: \u201eRODO\u201d), w tym art. 14, informujemy, i\u017c:<\/p>\n\n\n\n<ol>\n<li>Administratorem Pa\u0144stwa danych osobowych jest Nuclear PL sp. z o.o. z siedzib\u0105 Warszawie, adres: ul. Z\u0142ota 59, 00-120 Warszawa, adres e-mail: <a href=\"mailto:office@nuclear.pl\">office@nuclear.pl<\/a>.<\/li>\n\n\n\n<li>Pa\u0144stwa dane osobowe b\u0119d\u0105 przetwarzane w celu realizacji i obs\u0142ugi zapyta\u0144 i zg\u0142osze\u0144 dokonanych przez Pa\u0144stwa za po\u015brednictwem strony internetowej https:\/\/firma.nuclear.pl\/ lub korespondencji kierowanej przez Pa\u0144stwa z jej po\u015brednictwem lub za po\u015brednictwem \u015brodk\u00f3w komunikacji elektronicznej tam wskazanych, w wyniku kt\u00f3rych czynno\u015bci dane osobowe zosta\u0142y uzyskane, tj. na podstawie art. 6 ust. 1 pkt f RODO, jak te\u017c w celu wykonania obowi\u0105zuj\u0105cych przepis\u00f3w prawa (zw\u0142aszcza z zakresu podatk\u00f3w, rachunkowo\u015bci, czy archiwizacji danych), tj. na podstawie art. 6 ust. 1 pkt c RODO oraz art. 9 ust. 2 pkt b RODO.<\/li>\n\n\n\n<li>Przetwarzaniu podlega\u0107 b\u0119dzie nast\u0119puj\u0105cy zakres danych osobowych obejmuje nast\u0119puj\u0105ce informacje:<ul><li>imi\u0119 i nazwisko;<\/li><li>dane kontaktowe (np. numer telefonu, adres do dor\u0119cze\u0144, w tym adres poczty email, stanowisko s\u0142u\u017cbowe, numer telefonu kontaktowego, wizerunek).<\/li><\/ul><\/li>\n\n\n\n<li>Dane osobowe b\u0119d\u0105 przetwarzane przez okres niezb\u0119dny do utrzymywania kontakt\u00f3w zwi\u0105zanych z zawarciem i wykonaniem umowy, w wyniku kt\u00f3rej przygotowania, zawarcia lub realizacji dane osobowe zosta\u0142y uzyskane, rozliczeniem ewentualnych roszcze\u0144 powsta\u0142ych na jej tle, jak r\u00f3wnie\u017c przez okres niezb\u0119dny do przechowywania tej umowy dla cel\u00f3w archiwalnych.<\/li>\n\n\n\n<li>Dane osobowe b\u0119d\u0105 przetwarzane przez:\n<ul>\n<li>naszych pracownik\u00f3w,<\/li>\n\n\n\n<li>naszych dostawc\u00f3w us\u0142ug IT,<\/li>\n\n\n\n<li><span style=\"font-size: 1rem;\">podmioty \u015bwiadcz\u0105ce us\u0142ugi prawne, ksi\u0119gowo-kadrowe, doradcze, techniczne, organizacyjne, archiwizacji,<\/span><\/li>\n\n\n\n<li><span style=\"font-size: 1rem;\">organy Sp\u00f3\u0142ki,<\/span><\/li>\n\n\n\n<li>instytucje lub organy pa\u0144stwowe upowa\u017cnione z mocy prawa.<\/li>\n<\/ul>\n<\/li>\n\n\n\n<li>Prawnie uzasadnionym interesem przetwarzania danych realizowanym przez Administratora b\u0119dzie ca\u0142o\u015b\u0107 praw i obowi\u0105zk\u00f3w zwi\u0105zanych z realizacj\u0105 i obs\u0142ug\u0105 zapyta\u0144 i zg\u0142osze\u0144 dokonanych przez Pa\u0144stwa za po\u015brednictwem strony internetowej https:\/\/firma.nuclear.pl\/ lub korespondencji kierowanej przez Pa\u0144stwa z jej po\u015brednictwem lub za po\u015brednictwem \u015brodk\u00f3w komunikacji elektronicznej tam wskazanych, w wyniku kt\u00f3rych czynno\u015bci dane osobowe zosta\u0142y uzyskane oraz kwestie zwi\u0105zane z obron\u0105\u00a0przed ewentualnymi roszczeniami lub dochodzeniem przez Administratora ewentualnych roszcze\u0144.<\/li>\n\n\n\n<li>Przys\u0142uguje Pa\u0144stwu prawo dost\u0119pu do danych osobowych Pa\u0144stwa dotycz\u0105cych, ich sprostowania, ograniczenia przetwarzania, prawo do wniesienia sprzeciwu wobec przetwarzania, a tak\u017ce prawo do przenoszenia danych oraz prawo \u017c\u0105dania ich usuni\u0119cia \u2013 przy czym zgodnie z art. 17 ust. 3 lit. e) RODO nie przys\u0142uguje Pa\u0144stwu prawo do \u017c\u0105dania usuni\u0119cia danych osobowych tzn. gdy s\u0105 one niezb\u0119dne Nuclear PL sp. z o.o celem ustalenia, dochodzenia, lub obrony roszcze\u0144.<\/li>\n\n\n\n<li>Pa\u0144stwa dane osobowe nie b\u0119d\u0105 podlega\u0107 profilowaniu i nie b\u0119d\u0105 s\u0142u\u017cy\u0107 do zautomatyzowanego podejmowania decyzji.<\/li>\n\n\n\n<li>Kontakt w ka\u017cdej sprawie dotycz\u0105cej przetwarzania danych osobowych, w tym w sprawie sprzeciwu wobec przetwarzania, mo\u017cliwy jest pisemnie na nast\u0119puj\u0105cy adres: ul. Z\u0142ota 59, 00-120 Warszawa lub poprzez adres e-mail: office@nuclear.pl.<\/li>\n\n\n\n<li>Na podstawie art. 77 RODO przys\u0142uguje Pa\u0144stwu skarga do organu nadzorczego \u2013 Prezesa Urz\u0119du Ochrony Danych Osobowych.<\/li>\n<\/ol>\n","protected":false},"excerpt":{"rendered":"<p>Obowi\u0105zek informacyjny dotycz\u0105cy przetwarzanie danych osobowych Wype\u0142niaj\u0105c wymogi Rozporz\u0105dzenia Parlamentu Europejskiego i Rady (UE) 2016\/679 z dnia 27 kwietnia 2016 r. w sprawie ochrony os\u00f3b fizycznych w zwi\u0105zku z przetwarzaniem danych osobowych i w sprawie swobodnego przep\u0142ywu takich danych oraz uchylenia dyrektywy 95\/46\/WE (og\u00f3lne rozporz\u0105dzenie o ochronie danych, dalej: \u201eRODO\u201d), w tym art. 14, informujemy, &hellip;<\/p>\n<p class=\"read-more\"> <a class=\"\" href=\"https:\/\/firma.nuclear.pl\/index.php\/polityka-rodo\/\"> <span class=\"screen-reader-text\">Polityka RODO<\/span> Read More &raquo;<\/a><\/p>\n","protected":false},"author":2,"featured_media":0,"parent":0,"menu_order":0,"comment_status":"closed","ping_status":"closed","template":"","meta":{"site-sidebar-layout":"default","site-content-layout":"","ast-site-content-layout":"","site-content-style":"default","site-sidebar-style":"default","ast-global-header-display":"","ast-banner-title-visibility":"","ast-main-header-display":"","ast-hfb-above-header-display":"","ast-hfb-below-header-display":"","ast-hfb-mobile-header-display":"","site-post-title":"","ast-breadcrumbs-content":"","ast-featured-img":"","footer-sml-layout":"","theme-transparent-header-meta":"","adv-header-id-meta":"","stick-header-meta":"","header-above-stick-meta":"","header-main-stick-meta":"","header-below-stick-meta":"","astra-migrate-meta-layouts":"","footnotes":""},"aioseo_notices":[],"_links":{"self":[{"href":"https:\/\/firma.nuclear.pl\/index.php\/wp-json\/wp\/v2\/pages\/722"}],"collection":[{"href":"https:\/\/firma.nuclear.pl\/index.php\/wp-json\/wp\/v2\/pages"}],"about":[{"href":"https:\/\/firma.nuclear.pl\/index.php\/wp-json\/wp\/v2\/types\/page"}],"author":[{"embeddable":true,"href":"https:\/\/firma.nuclear.pl\/index.php\/wp-json\/wp\/v2\/users\/2"}],"replies":[{"embeddable":true,"href":"https:\/\/firma.nuclear.pl\/index.php\/wp-json\/wp\/v2\/comments?post=722"}],"version-history":[{"count":2,"href":"https:\/\/firma.nuclear.pl\/index.php\/wp-json\/wp\/v2\/pages\/722\/revisions"}],"predecessor-version":[{"id":724,"href":"https:\/\/firma.nuclear.pl\/index.php\/wp-json\/wp\/v2\/pages\/722\/revisions\/724"}],"wp:attachment":[{"href":"https:\/\/firma.nuclear.pl\/index.php\/wp-json\/wp\/v2\/media?parent=722"}],"curies":[{"name":"wp","href":"https:\/\/api.w.org\/{rel}","templated":true}]}}